{"id":132,"date":"2011-04-20T09:38:34","date_gmt":"2011-04-20T09:38:34","guid":{"rendered":"https:\/\/apartment-berlin-kreuzberg.com\/?page_id=132"},"modified":"2024-02-14T14:48:15","modified_gmt":"2024-02-14T14:48:15","slug":"area-map-and-directions","status":"publish","type":"page","link":"https:\/\/apartment-berlin-kreuzberg.com\/en\/livin-am-urban\/area-map-and-directions\/","title":{"rendered":"Area Map and Directions Apartment Kreuzberg"},"content":{"rendered":"<div id=\"attachment_1194\" style=\"width: 639px\" class=\"wp-caption alignnone\"><a href=\"https:\/\/www.google.com\/maps\/place\/Dieffenbachstra%C3%9Fe+7,+10967+Berlin,+Deutschland\/@52.4923438,13.4080582,16.55z\/data=!4m6!3m5!1s0x47a84fcc20d98379:0x1f3edd860cddf170!8m2!3d52.4935182!4d13.4122804!16s%2Fg%2F11c5cl6sp9?hl=de-DE&amp;entry=ttu\" target=\"_blank\" rel=\"noopener\"><img loading=\"lazy\" decoding=\"async\" aria-describedby=\"caption-attachment-1194\" class=\"wp-image-1194 size-full\" src=\"https:\/\/apartment-berlin-kreuzberg.com\/wp-content\/uploads\/2024\/02\/lageplan-apartment-kreuzberg.jpg\" alt=\"lageplan-apartment-kreuzberg\" width=\"629\" height=\"339\" srcset=\"https:\/\/apartment-berlin-kreuzberg.com\/wp-content\/uploads\/2024\/02\/lageplan-apartment-kreuzberg.jpg 629w, https:\/\/apartment-berlin-kreuzberg.com\/wp-content\/uploads\/2024\/02\/lageplan-apartment-kreuzberg-300x162.jpg 300w, https:\/\/apartment-berlin-kreuzberg.com\/wp-content\/uploads\/2024\/02\/lageplan-apartment-kreuzberg-620x334.jpg 620w\" sizes=\"(max-width: 629px) 100vw, 629px\" \/><\/a><p id=\"caption-attachment-1194\" class=\"wp-caption-text\"><a style=\"text-align: right; opacity: 0.4; font-size: small; display: block;\" href=\"https:\/\/openstreetmap.org\" target=\"_blank\" rel=\"noopener\">\u00a9 OpenStreetMap Mitwirkende<\/a><\/p><\/div>\n<h2>Getting here<\/h2>\n<p><strong>Public Transport:<\/strong><br \/>\nComing from Hauptbahnhof (Central Station): Bus M41 to K\u00f6rtestr.<br \/>\nU7 to S\u00fcdstern<br \/>\nU1: to Kottbusser Tor<br \/>\nU8: to Sch\u00f6nleinstr. or Kottbusser Tor<\/p>\n<p><strong>Taxi:<\/strong><br \/>\nThere is a taxi rank just outside the apartment at the corner of Urbanstr. and Grimmstr.<\/p>\n<p><strong>Air:<\/strong><br \/>\nAll airports are easily reached via public transport<a href=\"http:\/\/www.bvg.de\/\" target=\"_blank\" rel=\"noopener\"> www.bvg.de<\/a><\/p>\n<p><strong>Bicycle:<\/strong><br \/>\nYou can get to Berlin-Mitte within 15 minutes by bike.<\/p>\n<p><strong>Boat:<\/strong><br \/>\nThere&#8217;s a pier for boat trips along the canal just outside the door.<\/p>\n","protected":false},"excerpt":{"rendered":"<p>Getting here Public Transport: Coming from Hauptbahnhof (Central Station): Bus M41 to K\u00f6rtestr. U7 to S\u00fcdstern U1: to Kottbusser Tor U8: to Sch\u00f6nleinstr. or Kottbusser Tor Taxi: There is a taxi rank just outside the apartment at the corner of Urbanstr. and Grimmstr. Air: All airports are easily reached via public transport www.bvg.de Bicycle: You [&hellip;]<\/p>\n","protected":false},"author":1,"featured_media":0,"parent":136,"menu_order":21,"comment_status":"closed","ping_status":"closed","template":"","meta":{"footnotes":""},"_links":{"self":[{"href":"https:\/\/apartment-berlin-kreuzberg.com\/en\/wp-json\/wp\/v2\/pages\/132"}],"collection":[{"href":"https:\/\/apartment-berlin-kreuzberg.com\/en\/wp-json\/wp\/v2\/pages"}],"about":[{"href":"https:\/\/apartment-berlin-kreuzberg.com\/en\/wp-json\/wp\/v2\/types\/page"}],"author":[{"embeddable":true,"href":"https:\/\/apartment-berlin-kreuzberg.com\/en\/wp-json\/wp\/v2\/users\/1"}],"replies":[{"embeddable":true,"href":"https:\/\/apartment-berlin-kreuzberg.com\/en\/wp-json\/wp\/v2\/comments?post=132"}],"version-history":[{"count":9,"href":"https:\/\/apartment-berlin-kreuzberg.com\/en\/wp-json\/wp\/v2\/pages\/132\/revisions"}],"predecessor-version":[{"id":1201,"href":"https:\/\/apartment-berlin-kreuzberg.com\/en\/wp-json\/wp\/v2\/pages\/132\/revisions\/1201"}],"up":[{"embeddable":true,"href":"https:\/\/apartment-berlin-kreuzberg.com\/en\/wp-json\/wp\/v2\/pages\/136"}],"wp:attachment":[{"href":"https:\/\/apartment-berlin-kreuzberg.com\/en\/wp-json\/wp\/v2\/media?parent=132"}],"curies":[{"name":"wp","href":"https:\/\/api.w.org\/{rel}","templated":true}]}}